{"id":42608,"date":"2024-09-06T02:15:25","date_gmt":"2024-09-06T01:15:25","guid":{"rendered":"https:\/\/beatsurfing.com\/?page_id=42608"},"modified":"2025-03-25T10:28:48","modified_gmt":"2025-03-25T09:28:48","slug":"my-account","status":"publish","type":"page","link":"https:\/\/beatsurfing.com\/es\/my-account\/","title":{"rendered":"My Account"},"content":{"rendered":"\t\t<div data-elementor-type=\"wp-page\" data-elementor-id=\"42608\" class=\"elementor elementor-42608\" data-elementor-post-type=\"page\">\n\t\t\t\t<div data-particle_enable=\"false\" data-particle-mobile-disabled=\"false\" class=\"elementor-element elementor-element-4d10321 e-con-full e-flex e-con e-parent\" data-id=\"4d10321\" data-element_type=\"container\" data-e-type=\"container\">\n\t\t<div data-particle_enable=\"false\" data-particle-mobile-disabled=\"false\" class=\"elementor-element elementor-element-af5771e e-con-full e-flex e-con e-child\" data-id=\"af5771e\" data-element_type=\"container\" data-e-type=\"container\">\n\t\t<div data-particle_enable=\"false\" data-particle-mobile-disabled=\"false\" class=\"elementor-element elementor-element-416dc94 e-con-full e-flex e-con e-child\" data-id=\"416dc94\" data-element_type=\"container\" data-e-type=\"container\">\n\t\t<div data-particle_enable=\"false\" data-particle-mobile-disabled=\"false\" class=\"elementor-element elementor-element-bb95b0a e-con-full e-flex e-con e-child\" data-id=\"bb95b0a\" data-element_type=\"container\" data-e-type=\"container\">\n\t\t<div data-particle_enable=\"false\" data-particle-mobile-disabled=\"false\" class=\"elementor-element elementor-element-0faad9e e-con-full e-flex e-con e-child\" data-id=\"0faad9e\" data-element_type=\"container\" data-e-type=\"container\">\n\t\t\t\t<div class=\"elementor-element elementor-element-1a519d5 elementor-widget elementor-widget-heading\" data-id=\"1a519d5\" data-element_type=\"widget\" data-e-type=\"widget\" data-widget_type=\"heading.default\">\n\t\t\t\t<div class=\"elementor-widget-container\">\n\t\t\t\t\t<h2 class=\"elementor-heading-title elementor-size-default\">My account<\/h2>\t\t\t\t<\/div>\n\t\t\t\t<\/div>\n\t\t\t\t<div class=\"elementor-element elementor-element-e5e9dde elementor-widget elementor-widget-shortcode\" data-id=\"e5e9dde\" data-element_type=\"widget\" data-e-type=\"widget\" data-widget_type=\"shortcode.default\">\n\t\t\t\t<div class=\"elementor-widget-container\">\n\t\t\t\t\t\t\t<div class=\"elementor-shortcode\"><\/div>\n\t\t\t\t\t\t<\/div>\n\t\t\t\t<\/div>\n\t\t\t\t<\/div>\n\t\t\t\t<\/div>\n\t\t<div data-particle_enable=\"false\" data-particle-mobile-disabled=\"false\" class=\"elementor-element elementor-element-68dd6f2 e-con-full elementor-hidden-mobile e-flex e-con e-child\" data-id=\"68dd6f2\" data-element_type=\"container\" data-e-type=\"container\">\n\t\t<div data-particle_enable=\"false\" data-particle-mobile-disabled=\"false\" class=\"elementor-element elementor-element-61ca89d e-con-full e-flex e-con e-child\" data-id=\"61ca89d\" data-element_type=\"container\" data-e-type=\"container\">\n\t\t\t\t<div class=\"elementor-element elementor-element-c06f079 elementor-view-stacked elementor-shape-square elementor-widget elementor-widget-icon\" data-id=\"c06f079\" data-element_type=\"widget\" data-e-type=\"widget\" data-widget_type=\"icon.default\">\n\t\t\t\t<div class=\"elementor-widget-container\">\n\t\t\t\t\t\t\t<div class=\"elementor-icon-wrapper\">\n\t\t\t<div class=\"elementor-icon\">\n\t\t\t<svg aria-hidden=\"true\" class=\"e-font-icon-svg e-fas-chevron-right\" viewBox=\"0 0 320 512\" xmlns=\"http:\/\/www.w3.org\/2000\/svg\"><path d=\"M285.476 272.971L91.132 467.314c-9.373 9.373-24.569 9.373-33.941 0l-22.667-22.667c-9.357-9.357-9.375-24.522-.04-33.901L188.505 256 34.484 101.255c-9.335-9.379-9.317-24.544.04-33.901l22.667-22.667c9.373-9.373 24.569-9.373 33.941 0L285.475 239.03c9.373 9.372 9.373 24.568.001 33.941z\"><\/path><\/svg>\t\t\t<\/div>\n\t\t<\/div>\n\t\t\t\t\t\t<\/div>\n\t\t\t\t<\/div>\n\t\t\t\t<div class=\"elementor-element elementor-element-83cf8c4 elementor-widget elementor-widget-button\" data-id=\"83cf8c4\" data-element_type=\"widget\" data-e-type=\"widget\" data-widget_type=\"button.default\">\n\t\t\t\t<div class=\"elementor-widget-container\">\n\t\t\t\t\t\t\t\t\t<div class=\"elementor-button-wrapper\">\n\t\t\t\t\t<a class=\"elementor-button elementor-button-link elementor-size-sm\" href=\"\/my-account\/customer-logout\">\n\t\t\t\t\t\t<span class=\"elementor-button-content-wrapper\">\n\t\t\t\t\t\t\t\t\t<span class=\"elementor-button-text\">Log off<\/span>\n\t\t\t\t\t<\/span>\n\t\t\t\t\t<\/a>\n\t\t\t\t<\/div>\n\t\t\t\t\t\t\t\t<\/div>\n\t\t\t\t<\/div>\n\t\t\t\t<\/div>\n\t\t\t\t<\/div>\n\t\t\t\t<\/div>\n\t\t\t\t<\/div>\n\t\t\t\t<div class=\"elementor-element elementor-element-c96b651 elementor-widget__width-initial e-my-account-tabs-vertical elementor-widget elementor-widget-woocommerce-my-account\" data-id=\"c96b651\" data-element_type=\"widget\" data-e-type=\"widget\" data-settings=\"{&quot;customize_dashboard_check&quot;:&quot;yes&quot;}\" data-widget_type=\"woocommerce-my-account.default\">\n\t\t\t\t<div class=\"elementor-widget-container\">\n\t\t\t\t\t<div class=\"e-my-account-tab e-my-account-tab__ \">\t\t\t<div class=\"woocommerce\"><div class=\"woocommerce-notices-wrapper\"><\/div>\n\n<div class=\"u-columns col2-set\" id=\"customer_login\">\n\n\t<div class=\"u-column1 col-1\">\n\n\n\t\t<h2>Acceder<\/h2>\n\n\t\t<form class=\"woocommerce-form woocommerce-form-login login\" method=\"post\" novalidate>\n\n\t\t\t\t\t\t<script>\n\t\t\t\tdocument.addEventListener(\"DOMContentLoaded\", function () {\n                    jQuery(\".mo_btn-mo\").prop(\"disabled\",false);\n                    });\n\t\t\t<\/script>\n\t\t\t\t\t<script type=\"text\/javascript\">\n\t\t\tdocument.addEventListener(\"DOMContentLoaded\", function () {\n                jQuery(document).ready(function () {\n                jQuery(\".login-button\").css(\"cursor\", \"pointer\");\n            });\n                            });\n\t\t\tfunction mo_openid_on_consent_change(checkbox){\n\t\t\t\tif (! checkbox.checked) {\n\t\t\t\t\tjQuery('#mo_openid_consent_checkbox').val(1);\n\t\t\t\t\tjQuery(\".mo_btn-mo\").attr(\"disabled\", true);\n\t\t\t\t\tjQuery(\".login-button\").addClass(\"dis\");\n\t\t\t\t} else {\n\t\t\t\t\tjQuery('#mo_openid_consent_checkbox').val(0);\n\t\t\t\t\tjQuery(\".mo_btn-mo\").attr(\"disabled\", false);\n\t\t\t\t\tjQuery(\".login-button\").removeClass(\"dis\");\n\t\t\t\t}\n\t\t\t}\n\n\t\t\tvar perfEntries = performance.getEntriesByType(\"navigation\");\n\n\t\t\tif (perfEntries[0].type === \"back_forward\") {\n\t\t\t\tlocation.reload(true);\n\t\t\t}\n\t\t\tfunction HandlePopupResult(result) {\n\t\t\t\twindow.location = \"https:\/\/beatsurfing.com\";\n\t\t\t}\n\t\t\tfunction moOpenIdLogin(app_name,is_custom_app) {\n\t\t\t\tvar current_url = window.location.href;\n\t\t\t\tvar cookie_name = \"redirect_current_url\";\n\t\t\t\tvar d = new Date();\n\t\t\t\td.setTime(d.getTime() + (2 * 24 * 60 * 60 * 1000));\n\t\t\t\tvar expires = \"expires=\"+d.toUTCString();\n\t\t\t\tdocument.cookie = cookie_name + \"=\" + current_url + \";\" + expires + \";path=\/\";\n\n\t\t\t\t\t\t\t\tvar base_url = 'https:\/\/beatsurfing.com';\n\t\t\t\tvar request_uri = '\/es\/wp-json\/wp\/v2\/pages\/42608';\n\t\t\t\tvar http = 'https:\/\/';\n\t\t\t\tvar http_host = 'beatsurfing.com';\n\t\t\t\tvar default_nonce = '11e4deff8a';\n\t\t\t\tvar custom_nonce = 'ff412e5d8a';\n\t\t\t\tif(is_custom_app == 'false'){\n\t\t\t\t\tif ( request_uri.indexOf('wp-login.php') !=-1){\n\t\t\t\t\t\tvar redirect_url = base_url + '\/?option=getmosociallogin&wp_nonce=' + default_nonce + '&app_name=';\n\n\t\t\t\t\t}else {\n\t\t\t\t\t\tvar redirect_url = http + http_host + request_uri;\n\t\t\t\t\t\tif(redirect_url.indexOf('?') != -1){\n\t\t\t\t\t\t\tredirect_url = redirect_url +'&option=getmosociallogin&wp_nonce=' + default_nonce + '&app_name=';\n\t\t\t\t\t\t}\n\t\t\t\t\t\telse\n\t\t\t\t\t\t{\n\t\t\t\t\t\t\tredirect_url = redirect_url +'?option=getmosociallogin&wp_nonce=' + default_nonce + '&app_name=';\n\t\t\t\t\t\t}\n\t\t\t\t\t}\n\n\t\t\t\t}\n\t\t\t\telse {\n\t\t\t\t\tif ( request_uri.indexOf('wp-login.php') !=-1){\n\t\t\t\t\t\tvar redirect_url = base_url + '\/?option=oauthredirect&wp_nonce=' + custom_nonce + '&app_name=';\n\n\n\t\t\t\t\t}else {\n\t\t\t\t\t\tvar redirect_url = http + http_host + request_uri;\n\t\t\t\t\t\tif(redirect_url.indexOf('?') != -1)\n\t\t\t\t\t\t\tredirect_url = redirect_url +'&option=oauthredirect&wp_nonce=' + custom_nonce + '&app_name=';\n\t\t\t\t\t\telse\n\t\t\t\t\t\t\tredirect_url = redirect_url +'?option=oauthredirect&wp_nonce=' + custom_nonce + '&app_name=';\n\t\t\t\t\t}\n\n\t\t\t\t}\n\t\t\t\tif( 0) {\n\t\t\t\t\tvar myWindow = window.open(redirect_url + app_name, \"\", \"width=700,height=620\");\n\t\t\t\t}\n\t\t\t\telse{\n\t\t\t\t\twindow.location.href = redirect_url + app_name;\n\t\t\t\t}\n\t\t\t}\n\t\t<\/script>\n\t\t<div class='mo-openid-app-icons'>\n\t\t\t\t\t <p style='color:#000000;width: fit-content'> <\/p><a style='margin-left: 8px !important;width: 200px !important;padding-top:6px !important;border-color: #4f71e8;padding-bottom:6px !important;margin-bottom: 3px !important;border-radius: 4px !important;border-bottom-width: thin' class='mo_btn mo_btn-mo mo_btn-block mo_btn-social mo_btn-google mo_btn-custom-dec login-button mo_btn_transform' onClick=\"moOpenIdLogin('google','true');\"> <img class='fa' style='padding-top:0px !important;margin-top: 0' src='https:\/\/beatsurfing.com\/wp-content\/plugins\/miniorange-login-openid\/includes\/images\/icons\/g.png'>Login with Google<\/a><\/div> \n\t\t\t<p class=\"woocommerce-form-row woocommerce-form-row--wide form-row form-row-wide\">\n\t\t\t\t<label for=\"username\">Nombre de usuario o correo electr\u00f3nico&nbsp;<span class=\"required\" aria-hidden=\"true\">*<\/span><span class=\"screen-reader-text\">Obligatorio<\/span><\/label>\n\t\t\t\t<input type=\"text\" class=\"woocommerce-Input woocommerce-Input--text input-text\" name=\"username\" id=\"username\" autocomplete=\"username\" value=\"\" required aria-required=\"true\" \/>\t\t\t<\/p>\n\t\t\t<p class=\"woocommerce-form-row woocommerce-form-row--wide form-row form-row-wide\">\n\t\t\t\t<label for=\"password\">Contrase\u00f1a&nbsp;<span class=\"required\" aria-hidden=\"true\">*<\/span><span class=\"screen-reader-text\">Obligatorio<\/span><\/label>\n\t\t\t\t<input class=\"woocommerce-Input woocommerce-Input--text input-text\" type=\"password\" name=\"password\" id=\"password\" autocomplete=\"current-password\" required aria-required=\"true\" \/>\n\t\t\t<\/p>\n\n\t\t\t<div class=\"g-recaptcha\" style=\"transform: scale(0.9); -webkit-transform: scale(0.9); transform-origin: 0 0; -webkit-transform-origin: 0 0;\" data-sitekey=\"6LfsLPMqAAAAAFDrqaorhnMJbalYQTh-4gDQ2jzH\"><\/div><script>\r\n                    function wpcaptcha_captcha_refresh() {\r\n                        grecaptcha.reset();\r\n                    }\r\n\r\n                    jQuery(document.body).on(\"checkout_error\", function(){\r\n                        setTimeout(wpcaptcha_captcha_refresh, 50);\r\n                    });\r\n\r\n                    jQuery(document.body).on(\"updated_checkout\", function(){\r\n                        setTimeout(wpcaptcha_captcha_refresh, 50);\r\n                    });\r\n                <\/script><script src='https:\/\/www.google.com\/recaptcha\/api.js?ver=1.33' id='wpcaptcha-recaptcha-js'><\/script>\n\t\t\t<p class=\"form-row\">\n\t\t\t\t<label class=\"woocommerce-form__label woocommerce-form__label-for-checkbox woocommerce-form-login__rememberme\">\n\t\t\t\t\t<input class=\"woocommerce-form__input woocommerce-form__input-checkbox\" name=\"rememberme\" type=\"checkbox\" id=\"rememberme\" value=\"forever\" \/> <span>Recu\u00e9rdame<\/span>\n\t\t\t\t<\/label>\n\t\t\t\t<input type=\"hidden\" id=\"woocommerce-login-nonce\" name=\"woocommerce-login-nonce\" value=\"cde3b9f0b1\" \/><input type=\"hidden\" name=\"_wp_http_referer\" value=\"\/es\/wp-json\/wp\/v2\/pages\/42608\" \/>\t\t\t\t<button type=\"submit\" class=\"woocommerce-button button woocommerce-form-login__submit\" name=\"login\" value=\"Acceso\">Acceso<\/button>\n\t\t\t<\/p>\n\t\t\t<p class=\"woocommerce-LostPassword lost_password\">\n\t\t\t\t<a href=\"https:\/\/beatsurfing.com\/es\/my-account\/lost-password\/\">\u00bfOlvidaste la contrase\u00f1a?<\/a>\n\t\t\t<\/p>\n\n\t\t\t\n\t\t<\/form>\n\n\n\t<\/div>\n\n\t<div class=\"u-column2 col-2\">\n\n\t\t<h2>Registrarse<\/h2>\n\n\t\t<form method=\"post\" class=\"woocommerce-form woocommerce-form-register register\"  >\n\n\t\t\t\n\t\t\t\n\t\t\t<p class=\"woocommerce-form-row woocommerce-form-row--wide form-row form-row-wide\">\n\t\t\t\t<label for=\"reg_email\">Direcci\u00f3n de correo electr\u00f3nico&nbsp;<span class=\"required\" aria-hidden=\"true\">*<\/span><span class=\"screen-reader-text\">Obligatorio<\/span><\/label>\n\t\t\t\t<input type=\"email\" class=\"woocommerce-Input woocommerce-Input--text input-text\" name=\"email\" id=\"reg_email\" autocomplete=\"email\" value=\"\" required aria-required=\"true\" \/>\t\t\t<\/p>\n\n\t\t\t\n\t\t\t\t<p>Se enviar\u00e1 un enlace a tu direcci\u00f3n de correo electr\u00f3nico para establecer una nueva contrase\u00f1a.<\/p>\n\n\t\t\t\n\t\t\t<p class=\"form-row form-row-wide mailchimp-newsletter\"><label for=\"mailchimp_woocommerce_newsletter\" class=\"woocommerce-form__label woocommerce-form__label-for-checkbox inline\"><input class=\"woocommerce-form__input woocommerce-form__input-checkbox input-checkbox\" id=\"mailchimp_woocommerce_newsletter\" type=\"checkbox\" name=\"mailchimp_woocommerce_newsletter\" value=\"1\" checked=\"checked\"> <span>Suscr\u00edbete a nuestro bolet\u00edn<\/span><\/label><\/p><div class=\"clear\"><\/div><div style='display: block'><div id='mailchimp-gdpr-fields'><p>Por favor, selecciona todas las formas en que te gustar\u00eda saber de nosotros<div class='clear' ><\/div><input type='hidden' value='0' name='mailchimp_woocommerce_gdpr[dd215c2c36]'><label for='mailchimp_woocommerce_gdpr[dd215c2c36]' class='woocommerce-form__label woocommerce-form__label-for-checkbox inline'><input class='woocommerce-form__input woocommerce-form__input-checkbox input-checkbox' id='mailchimp_woocommerce_gdpr[dd215c2c36]' type='checkbox' name='mailchimp_woocommerce_gdpr[dd215c2c36]' value='1' checked=\"checked\"><span>Email<\/span><\/label><div class='clear'><\/div><\/p><\/div><\/div><div class=\"g-recaptcha\" style=\"transform: scale(0.9); -webkit-transform: scale(0.9); transform-origin: 0 0; -webkit-transform-origin: 0 0;\" data-sitekey=\"6LfsLPMqAAAAAFDrqaorhnMJbalYQTh-4gDQ2jzH\"><\/div><script>\r\n                    function wpcaptcha_captcha_refresh() {\r\n                        grecaptcha.reset();\r\n                    }\r\n\r\n                    jQuery(document.body).on(\"checkout_error\", function(){\r\n                        setTimeout(wpcaptcha_captcha_refresh, 50);\r\n                    });\r\n\r\n                    jQuery(document.body).on(\"updated_checkout\", function(){\r\n                        setTimeout(wpcaptcha_captcha_refresh, 50);\r\n                    });\r\n                <\/script><script src='https:\/\/www.google.com\/recaptcha\/api.js?ver=1.33' id='wpcaptcha-recaptcha-js'><\/script><wc-order-attribution-inputs><\/wc-order-attribution-inputs><div class=\"woocommerce-privacy-policy-text\"><p>Your personal data will be used to support your experience throughout this website, to manage access to your account, and for other purposes described in our <a href=\"https:\/\/beatsurfing.com\/es\/privacy-policy\/\" class=\"woocommerce-privacy-policy-link\" target=\"_blank\">pol\u00edtica de privacidad<\/a>.<\/p>\n<\/div>\n\t\t\t<p class=\"woocommerce-form-row form-row\">\n\t\t\t\t<input type=\"hidden\" id=\"woocommerce-register-nonce\" name=\"woocommerce-register-nonce\" value=\"5d4cd05a6c\" \/><input type=\"hidden\" name=\"_wp_http_referer\" value=\"\/es\/wp-json\/wp\/v2\/pages\/42608\" \/>\t\t\t\t<button type=\"submit\" class=\"woocommerce-Button woocommerce-button button woocommerce-form-register__submit\" name=\"register\" value=\"Registrarse\">Registrarse<\/button>\n\t\t\t<\/p>\n\n\t\t\t\n\t\t<\/form>\n\n\t<\/div>\n\n<\/div>\n\n<\/div>\t\t<\/div>\n\t\t\t\t\t\t<\/div>\n\t\t\t\t<\/div>\n\t\t\t\t<\/div>\n\t\t\t\t<\/div>\n\t\t","protected":false},"excerpt":{"rendered":"<p>My account Log off Your menu Dashboard Orders Downloads License keys Register Your License Coupons Payment methods Account details Delete Account Hello Marek \u00d5unpuu (not Marek \u00d5unpuu? Log out) From your account dashboard you can view your recent orders, manage your billing address, and edit your password and account details.<\/p>","protected":false},"author":686,"featured_media":0,"parent":0,"menu_order":0,"comment_status":"closed","ping_status":"closed","template":"","meta":{"content-type":"","footnotes":""},"class_list":["post-42608","page","type-page","status-publish","hentry"],"yoast_head":"<!-- This site is optimized with the Yoast SEO Premium plugin v27.3 (Yoast SEO v27.3) - https:\/\/yoast.com\/product\/yoast-seo-premium-wordpress\/ -->\n<title>My Account - BEATSURFING Audio Plugins and more<\/title>\n<meta name=\"robots\" content=\"index, follow, max-snippet:-1, max-image-preview:large, max-video-preview:-1\" \/>\n<link rel=\"canonical\" href=\"https:\/\/beatsurfing.com\/es\/my-account\/\" \/>\n<meta property=\"og:locale\" content=\"es_ES\" \/>\n<meta property=\"og:type\" content=\"article\" \/>\n<meta property=\"og:title\" content=\"My Account\" \/>\n<meta property=\"og:description\" content=\"My account Log off Your menu Dashboard Orders Downloads License keys Register Your License Coupons Payment methods Account details Delete Account Hello Marek \u00d5unpuu (not Marek \u00d5unpuu? Log out) From your account dashboard you can view your recent orders, manage your billing address, and edit your password and account details.\" \/>\n<meta property=\"og:url\" content=\"https:\/\/beatsurfing.com\/es\/my-account\/\" \/>\n<meta property=\"og:site_name\" content=\"BEATSURFING Audio Plugins and more\" \/>\n<meta property=\"article:publisher\" content=\"https:\/\/www.facebook.com\/Beatsurfing2\" \/>\n<meta property=\"article:modified_time\" content=\"2025-03-25T09:28:48+00:00\" \/>\n<meta name=\"twitter:card\" content=\"summary_large_image\" \/>\n<meta name=\"twitter:label1\" content=\"Tiempo de lectura\" \/>\n\t<meta name=\"twitter:data1\" content=\"8 minutos\" \/>\n<script type=\"application\/ld+json\" class=\"yoast-schema-graph\">{\"@context\":\"https:\\\/\\\/schema.org\",\"@graph\":[{\"@type\":\"WebPage\",\"@id\":\"https:\\\/\\\/beatsurfing.com\\\/my-account\\\/\",\"url\":\"https:\\\/\\\/beatsurfing.com\\\/my-account\\\/\",\"name\":\"My Account - BEATSURFING Audio Plugins and more\",\"isPartOf\":{\"@id\":\"https:\\\/\\\/beatsurfing.com\\\/#website\"},\"datePublished\":\"2024-09-06T01:15:25+00:00\",\"dateModified\":\"2025-03-25T09:28:48+00:00\",\"inLanguage\":\"es\",\"potentialAction\":[{\"@type\":\"ReadAction\",\"target\":[\"https:\\\/\\\/beatsurfing.com\\\/my-account\\\/\"]}]},{\"@type\":\"WebSite\",\"@id\":\"https:\\\/\\\/beatsurfing.com\\\/#website\",\"url\":\"https:\\\/\\\/beatsurfing.com\\\/\",\"name\":\"BEATSURFING Audio Plugins and more\",\"description\":\"Innovative Music Production Tools\",\"publisher\":{\"@id\":\"https:\\\/\\\/beatsurfing.com\\\/#organization\"},\"alternateName\":\"BEATSURFING Audio Plugins\",\"potentialAction\":[{\"@type\":\"SearchAction\",\"target\":{\"@type\":\"EntryPoint\",\"urlTemplate\":\"https:\\\/\\\/beatsurfing.com\\\/?s={search_term_string}\"},\"query-input\":{\"@type\":\"PropertyValueSpecification\",\"valueRequired\":true,\"valueName\":\"search_term_string\"}}],\"inLanguage\":\"es\"},{\"@type\":\"Organization\",\"@id\":\"https:\\\/\\\/beatsurfing.com\\\/#organization\",\"name\":\"BEATSURFING\",\"url\":\"https:\\\/\\\/beatsurfing.com\\\/\",\"logo\":{\"@type\":\"ImageObject\",\"inLanguage\":\"es\",\"@id\":\"https:\\\/\\\/beatsurfing.com\\\/#\\\/schema\\\/logo\\\/image\\\/\",\"url\":\"https:\\\/\\\/beatsurfing.com\\\/wp-content\\\/uploads\\\/2023\\\/02\\\/bs_logo_left.png\",\"contentUrl\":\"https:\\\/\\\/beatsurfing.com\\\/wp-content\\\/uploads\\\/2023\\\/02\\\/bs_logo_left.png\",\"width\":407,\"height\":66,\"caption\":\"BEATSURFING\"},\"image\":{\"@id\":\"https:\\\/\\\/beatsurfing.com\\\/#\\\/schema\\\/logo\\\/image\\\/\"},\"sameAs\":[\"https:\\\/\\\/www.facebook.com\\\/Beatsurfing2\",\"https:\\\/\\\/www.instagram.com\\\/beatsurfing\\\/\",\"https:\\\/\\\/www.youtube.com\\\/c\\\/BEATSURFING\",\"https:\\\/\\\/www.tiktok.com\\\/@beatsurfing\"]}]}<\/script>\n<!-- \/ Yoast SEO Premium plugin. -->","yoast_head_json":{"title":"My Account - BEATSURFING Audio Plugins and more","robots":{"index":"index","follow":"follow","max-snippet":"max-snippet:-1","max-image-preview":"max-image-preview:large","max-video-preview":"max-video-preview:-1"},"canonical":"https:\/\/beatsurfing.com\/es\/my-account\/","og_locale":"es_ES","og_type":"article","og_title":"My Account","og_description":"My account Log off Your menu Dashboard Orders Downloads License keys Register Your License Coupons Payment methods Account details Delete Account Hello Marek \u00d5unpuu (not Marek \u00d5unpuu? Log out) From your account dashboard you can view your recent orders, manage your billing address, and edit your password and account details.","og_url":"https:\/\/beatsurfing.com\/es\/my-account\/","og_site_name":"BEATSURFING Audio Plugins and more","article_publisher":"https:\/\/www.facebook.com\/Beatsurfing2","article_modified_time":"2025-03-25T09:28:48+00:00","twitter_card":"summary_large_image","twitter_misc":{"Tiempo de lectura":"8 minutos"},"schema":{"@context":"https:\/\/schema.org","@graph":[{"@type":"WebPage","@id":"https:\/\/beatsurfing.com\/my-account\/","url":"https:\/\/beatsurfing.com\/my-account\/","name":"My Account - BEATSURFING Audio Plugins and more","isPartOf":{"@id":"https:\/\/beatsurfing.com\/#website"},"datePublished":"2024-09-06T01:15:25+00:00","dateModified":"2025-03-25T09:28:48+00:00","inLanguage":"es","potentialAction":[{"@type":"ReadAction","target":["https:\/\/beatsurfing.com\/my-account\/"]}]},{"@type":"WebSite","@id":"https:\/\/beatsurfing.com\/#website","url":"https:\/\/beatsurfing.com\/","name":"BEATSURFING Audio Plugins and more","description":"Innovative Music Production Tools","publisher":{"@id":"https:\/\/beatsurfing.com\/#organization"},"alternateName":"BEATSURFING Audio Plugins","potentialAction":[{"@type":"SearchAction","target":{"@type":"EntryPoint","urlTemplate":"https:\/\/beatsurfing.com\/?s={search_term_string}"},"query-input":{"@type":"PropertyValueSpecification","valueRequired":true,"valueName":"search_term_string"}}],"inLanguage":"es"},{"@type":"Organization","@id":"https:\/\/beatsurfing.com\/#organization","name":"BEATSURFING","url":"https:\/\/beatsurfing.com\/","logo":{"@type":"ImageObject","inLanguage":"es","@id":"https:\/\/beatsurfing.com\/#\/schema\/logo\/image\/","url":"https:\/\/beatsurfing.com\/wp-content\/uploads\/2023\/02\/bs_logo_left.png","contentUrl":"https:\/\/beatsurfing.com\/wp-content\/uploads\/2023\/02\/bs_logo_left.png","width":407,"height":66,"caption":"BEATSURFING"},"image":{"@id":"https:\/\/beatsurfing.com\/#\/schema\/logo\/image\/"},"sameAs":["https:\/\/www.facebook.com\/Beatsurfing2","https:\/\/www.instagram.com\/beatsurfing\/","https:\/\/www.youtube.com\/c\/BEATSURFING","https:\/\/www.tiktok.com\/@beatsurfing"]}]}},"_links":{"self":[{"href":"https:\/\/beatsurfing.com\/es\/wp-json\/wp\/v2\/pages\/42608","targetHints":{"allow":["GET"]}}],"collection":[{"href":"https:\/\/beatsurfing.com\/es\/wp-json\/wp\/v2\/pages"}],"about":[{"href":"https:\/\/beatsurfing.com\/es\/wp-json\/wp\/v2\/types\/page"}],"author":[{"embeddable":true,"href":"https:\/\/beatsurfing.com\/es\/wp-json\/wp\/v2\/users\/686"}],"replies":[{"embeddable":true,"href":"https:\/\/beatsurfing.com\/es\/wp-json\/wp\/v2\/comments?post=42608"}],"version-history":[{"count":71,"href":"https:\/\/beatsurfing.com\/es\/wp-json\/wp\/v2\/pages\/42608\/revisions"}],"predecessor-version":[{"id":58723,"href":"https:\/\/beatsurfing.com\/es\/wp-json\/wp\/v2\/pages\/42608\/revisions\/58723"}],"wp:attachment":[{"href":"https:\/\/beatsurfing.com\/es\/wp-json\/wp\/v2\/media?parent=42608"}],"curies":[{"name":"wp","href":"https:\/\/api.w.org\/{rel}","templated":true}]}}