{"id":39209,"date":"2023-11-27T11:31:53","date_gmt":"2023-11-27T10:31:53","guid":{"rendered":"https:\/\/beatsurfing.com\/music-production-tools\/cheque-cadeau\/"},"modified":"2023-11-27T11:31:53","modified_gmt":"2023-11-27T10:31:53","slug":"cheque-cadeau","status":"publish","type":"product","link":"https:\/\/beatsurfing.com\/fr\/music-production-tools\/cheque-cadeau\/","title":{"rendered":"Ch\u00e8que-cadeau"},"content":{"rendered":"","protected":false},"excerpt":{"rendered":"<p>D\u00e9couvrez la joie d&#8217;offrir avec nos ch\u00e8ques-cadeaux BEATSURFING Plugin Audio ! Que vous souhaitiez faire sourire un proche ou vous faire plaisir, notre proc\u00e9dure est simple comme bonjour !<\/p>\n<ol>\n<li>S\u00e9lectionnez le ch\u00e8que-cadeau de votre choix.<\/li>\n<li>Choisissez l&#8217;heureux destinataire et d\u00e9cidez si vous voulez l&#8217;envoyer imm\u00e9diatement ou le programmer pour une date sp\u00e9cifique.<\/li>\n<li>Personnalisez votre cadeau avec un message lors du paiement.<\/li>\n<\/ol>\n<p>Lib\u00e9rez la puissance de la musique d&#8217;un simple clic gr\u00e2ce au VST RANDOM. Am\u00e9liorez votre exp\u00e9rience audio avec les plugins 7DeadlySnares ou LunchTable et faites en sorte que chaque note compte sur votre table de mixage DJ avec le beatfader.<\/p>","protected":false},"featured_media":37903,"template":"","meta":{"content-type":""},"product_brand":[],"product_cat":[83],"product_tag":[],"class_list":{"0":"post-39209","1":"product","2":"type-product","3":"status-publish","4":"has-post-thumbnail","6":"product_cat-cheques-cadeaux","8":"first","9":"instock","10":"purchasable","11":"product-type-variable"},"bundled_by":[],"bundle_stock_status":"instock","bundle_stock_quantity":null,"bundle_virtual":false,"bundle_layout":"","bundle_add_to_cart_form_location":"","bundle_editable_in_cart":false,"bundle_sold_individually_context":"","bundle_item_grouping":"","bundle_min_size":"","bundle_max_size":"","bundle_price":[],"bundled_items":[],"bundle_sell_ids":[],"yoast_head":"<!-- This site is optimized with the Yoast SEO Premium plugin v27.2 (Yoast SEO v27.2) - https:\/\/yoast.com\/product\/yoast-seo-premium-wordpress\/ -->\n<title>Ch\u00e8que-cadeau - BEATSURFING Audio Plugins and more<\/title>\n<meta name=\"robots\" content=\"index, follow, max-snippet:-1, max-image-preview:large, max-video-preview:-1\" \/>\n<link rel=\"canonical\" href=\"https:\/\/beatsurfing.com\/fr\/music-production-tools\/gift-card\/\" \/>\n<meta property=\"og:locale\" content=\"fr_FR\" \/>\n<meta property=\"og:type\" content=\"article\" \/>\n<meta property=\"og:title\" content=\"Ch\u00e8que-cadeau\" \/>\n<meta property=\"og:description\" content=\"D\u00e9couvrez la joie d&#039;offrir avec nos ch\u00e8ques-cadeaux BEATSURFING Plugin Audio ! Que vous souhaitiez faire sourire un proche ou vous faire plaisir, notre proc\u00e9dure est simple comme bonjour !  S\u00e9lectionnez le ch\u00e8que-cadeau de votre choix.  Choisissez l&#039;heureux destinataire et d\u00e9cidez si vous voulez l&#039;envoyer imm\u00e9diatement ou le programmer pour une date sp\u00e9cifique.  Personnalisez votre cadeau avec un message lors du paiement. Lib\u00e9rez la puissance de la musique d&#039;un simple clic gr\u00e2ce au VST RANDOM. Am\u00e9liorez votre exp\u00e9rience audio avec les plugins 7DeadlySnares ou LunchTable et faites en sorte que chaque note compte sur votre table de mixage DJ avec le beatfader.\" \/>\n<meta property=\"og:url\" content=\"https:\/\/beatsurfing.com\/fr\/music-production-tools\/gift-card\/\" \/>\n<meta property=\"og:site_name\" content=\"BEATSURFING Audio Plugins and more\" \/>\n<meta property=\"article:publisher\" content=\"https:\/\/www.facebook.com\/Beatsurfing2\" \/>\n<meta property=\"og:image\" content=\"https:\/\/beatsurfing.com\/wp-content\/uploads\/2023\/11\/gc_multi.png\" \/>\n\t<meta property=\"og:image:width\" content=\"1536\" \/>\n\t<meta property=\"og:image:height\" content=\"1024\" \/>\n\t<meta property=\"og:image:type\" content=\"image\/png\" \/>\n<meta name=\"twitter:card\" content=\"summary_large_image\" \/>\n<script type=\"application\/ld+json\" class=\"yoast-schema-graph\">{\"@context\":\"https:\/\/schema.org\",\"@graph\":[{\"@type\":\"WebPage\",\"@id\":\"https:\/\/beatsurfing.com\/music-production-tools\/gift-card\/\",\"url\":\"https:\/\/beatsurfing.com\/music-production-tools\/gift-card\/\",\"name\":\"Ch\u00e8que-cadeau - BEATSURFING Audio Plugins and more\",\"isPartOf\":{\"@id\":\"https:\/\/beatsurfing.com\/#website\"},\"primaryImageOfPage\":{\"@id\":\"https:\/\/beatsurfing.com\/music-production-tools\/gift-card\/#primaryimage\"},\"image\":{\"@id\":\"https:\/\/beatsurfing.com\/music-production-tools\/gift-card\/#primaryimage\"},\"thumbnailUrl\":\"https:\/\/beatsurfing.com\/wp-content\/uploads\/2023\/11\/gc_multi.png\",\"datePublished\":\"2023-11-27T10:31:53+00:00\",\"breadcrumb\":{\"@id\":\"https:\/\/beatsurfing.com\/music-production-tools\/gift-card\/#breadcrumb\"},\"inLanguage\":\"fr-FR\",\"potentialAction\":[{\"@type\":\"ReadAction\",\"target\":[\"https:\/\/beatsurfing.com\/music-production-tools\/gift-card\/\"]}]},{\"@type\":\"ImageObject\",\"inLanguage\":\"fr-FR\",\"@id\":\"https:\/\/beatsurfing.com\/music-production-tools\/gift-card\/#primaryimage\",\"url\":\"https:\/\/beatsurfing.com\/wp-content\/uploads\/2023\/11\/gc_multi.png\",\"contentUrl\":\"https:\/\/beatsurfing.com\/wp-content\/uploads\/2023\/11\/gc_multi.png\",\"width\":1536,\"height\":1024},{\"@type\":\"BreadcrumbList\",\"@id\":\"https:\/\/beatsurfing.com\/music-production-tools\/gift-card\/#breadcrumb\",\"itemListElement\":[{\"@type\":\"ListItem\",\"position\":1,\"name\":\"Shop\",\"item\":\"https:\/\/beatsurfing.com\/shop\/\"},{\"@type\":\"ListItem\",\"position\":2,\"name\":\"Ch\u00e8que-cadeau\"}]},{\"@type\":\"WebSite\",\"@id\":\"https:\/\/beatsurfing.com\/#website\",\"url\":\"https:\/\/beatsurfing.com\/\",\"name\":\"BEATSURFING Audio Plugins and more\",\"description\":\"Innovative Music Production Tools\",\"publisher\":{\"@id\":\"https:\/\/beatsurfing.com\/#organization\"},\"alternateName\":\"BEATSURFING Audio Plugins\",\"potentialAction\":[{\"@type\":\"SearchAction\",\"target\":{\"@type\":\"EntryPoint\",\"urlTemplate\":\"https:\/\/beatsurfing.com\/?s={search_term_string}\"},\"query-input\":{\"@type\":\"PropertyValueSpecification\",\"valueRequired\":true,\"valueName\":\"search_term_string\"}}],\"inLanguage\":\"fr-FR\"},{\"@type\":\"Organization\",\"@id\":\"https:\/\/beatsurfing.com\/#organization\",\"name\":\"BEATSURFING\",\"url\":\"https:\/\/beatsurfing.com\/\",\"logo\":{\"@type\":\"ImageObject\",\"inLanguage\":\"fr-FR\",\"@id\":\"https:\/\/beatsurfing.com\/#\/schema\/logo\/image\/\",\"url\":\"https:\/\/beatsurfing.com\/wp-content\/uploads\/2023\/02\/bs_logo_left.png\",\"contentUrl\":\"https:\/\/beatsurfing.com\/wp-content\/uploads\/2023\/02\/bs_logo_left.png\",\"width\":407,\"height\":66,\"caption\":\"BEATSURFING\"},\"image\":{\"@id\":\"https:\/\/beatsurfing.com\/#\/schema\/logo\/image\/\"},\"sameAs\":[\"https:\/\/www.facebook.com\/Beatsurfing2\",\"https:\/\/www.instagram.com\/beatsurfing\/\",\"https:\/\/www.youtube.com\/c\/BEATSURFING\",\"https:\/\/www.tiktok.com\/@beatsurfing\"]}]}<\/script>\n<!-- \/ Yoast SEO Premium plugin. -->","yoast_head_json":{"title":"Ch\u00e8que-cadeau - BEATSURFING Audio Plugins and more","robots":{"index":"index","follow":"follow","max-snippet":"max-snippet:-1","max-image-preview":"max-image-preview:large","max-video-preview":"max-video-preview:-1"},"canonical":"https:\/\/beatsurfing.com\/fr\/music-production-tools\/gift-card\/","og_locale":"fr_FR","og_type":"article","og_title":"Ch\u00e8que-cadeau","og_description":"D\u00e9couvrez la joie d'offrir avec nos ch\u00e8ques-cadeaux BEATSURFING Plugin Audio ! Que vous souhaitiez faire sourire un proche ou vous faire plaisir, notre proc\u00e9dure est simple comme bonjour !  S\u00e9lectionnez le ch\u00e8que-cadeau de votre choix.  Choisissez l'heureux destinataire et d\u00e9cidez si vous voulez l'envoyer imm\u00e9diatement ou le programmer pour une date sp\u00e9cifique.  Personnalisez votre cadeau avec un message lors du paiement. Lib\u00e9rez la puissance de la musique d'un simple clic gr\u00e2ce au VST RANDOM. Am\u00e9liorez votre exp\u00e9rience audio avec les plugins 7DeadlySnares ou LunchTable et faites en sorte que chaque note compte sur votre table de mixage DJ avec le beatfader.","og_url":"https:\/\/beatsurfing.com\/fr\/music-production-tools\/gift-card\/","og_site_name":"BEATSURFING Audio Plugins and more","article_publisher":"https:\/\/www.facebook.com\/Beatsurfing2","og_image":[{"width":1536,"height":1024,"url":"https:\/\/beatsurfing.com\/wp-content\/uploads\/2023\/11\/gc_multi.png","type":"image\/png"}],"twitter_card":"summary_large_image","schema":{"@context":"https:\/\/schema.org","@graph":[{"@type":"WebPage","@id":"https:\/\/beatsurfing.com\/music-production-tools\/gift-card\/","url":"https:\/\/beatsurfing.com\/music-production-tools\/gift-card\/","name":"Ch\u00e8que-cadeau - BEATSURFING Audio Plugins and more","isPartOf":{"@id":"https:\/\/beatsurfing.com\/#website"},"primaryImageOfPage":{"@id":"https:\/\/beatsurfing.com\/music-production-tools\/gift-card\/#primaryimage"},"image":{"@id":"https:\/\/beatsurfing.com\/music-production-tools\/gift-card\/#primaryimage"},"thumbnailUrl":"https:\/\/beatsurfing.com\/wp-content\/uploads\/2023\/11\/gc_multi.png","datePublished":"2023-11-27T10:31:53+00:00","breadcrumb":{"@id":"https:\/\/beatsurfing.com\/music-production-tools\/gift-card\/#breadcrumb"},"inLanguage":"fr-FR","potentialAction":[{"@type":"ReadAction","target":["https:\/\/beatsurfing.com\/music-production-tools\/gift-card\/"]}]},{"@type":"ImageObject","inLanguage":"fr-FR","@id":"https:\/\/beatsurfing.com\/music-production-tools\/gift-card\/#primaryimage","url":"https:\/\/beatsurfing.com\/wp-content\/uploads\/2023\/11\/gc_multi.png","contentUrl":"https:\/\/beatsurfing.com\/wp-content\/uploads\/2023\/11\/gc_multi.png","width":1536,"height":1024},{"@type":"BreadcrumbList","@id":"https:\/\/beatsurfing.com\/music-production-tools\/gift-card\/#breadcrumb","itemListElement":[{"@type":"ListItem","position":1,"name":"Shop","item":"https:\/\/beatsurfing.com\/shop\/"},{"@type":"ListItem","position":2,"name":"Ch\u00e8que-cadeau"}]},{"@type":"WebSite","@id":"https:\/\/beatsurfing.com\/#website","url":"https:\/\/beatsurfing.com\/","name":"BEATSURFING Audio Plugins and more","description":"Innovative Music Production Tools","publisher":{"@id":"https:\/\/beatsurfing.com\/#organization"},"alternateName":"BEATSURFING Audio Plugins","potentialAction":[{"@type":"SearchAction","target":{"@type":"EntryPoint","urlTemplate":"https:\/\/beatsurfing.com\/?s={search_term_string}"},"query-input":{"@type":"PropertyValueSpecification","valueRequired":true,"valueName":"search_term_string"}}],"inLanguage":"fr-FR"},{"@type":"Organization","@id":"https:\/\/beatsurfing.com\/#organization","name":"BEATSURFING","url":"https:\/\/beatsurfing.com\/","logo":{"@type":"ImageObject","inLanguage":"fr-FR","@id":"https:\/\/beatsurfing.com\/#\/schema\/logo\/image\/","url":"https:\/\/beatsurfing.com\/wp-content\/uploads\/2023\/02\/bs_logo_left.png","contentUrl":"https:\/\/beatsurfing.com\/wp-content\/uploads\/2023\/02\/bs_logo_left.png","width":407,"height":66,"caption":"BEATSURFING"},"image":{"@id":"https:\/\/beatsurfing.com\/#\/schema\/logo\/image\/"},"sameAs":["https:\/\/www.facebook.com\/Beatsurfing2","https:\/\/www.instagram.com\/beatsurfing\/","https:\/\/www.youtube.com\/c\/BEATSURFING","https:\/\/www.tiktok.com\/@beatsurfing"]}]}},"_links":{"self":[{"href":"https:\/\/beatsurfing.com\/fr\/wp-json\/wp\/v2\/product\/39209","targetHints":{"allow":["GET"]}}],"collection":[{"href":"https:\/\/beatsurfing.com\/fr\/wp-json\/wp\/v2\/product"}],"about":[{"href":"https:\/\/beatsurfing.com\/fr\/wp-json\/wp\/v2\/types\/product"}],"wp:featuredmedia":[{"embeddable":true,"href":"https:\/\/beatsurfing.com\/fr\/wp-json\/wp\/v2\/media\/37903"}],"wp:attachment":[{"href":"https:\/\/beatsurfing.com\/fr\/wp-json\/wp\/v2\/media?parent=39209"}],"wp:term":[{"taxonomy":"product_brand","embeddable":true,"href":"https:\/\/beatsurfing.com\/fr\/wp-json\/wp\/v2\/product_brand?post=39209"},{"taxonomy":"product_cat","embeddable":true,"href":"https:\/\/beatsurfing.com\/fr\/wp-json\/wp\/v2\/product_cat?post=39209"},{"taxonomy":"product_tag","embeddable":true,"href":"https:\/\/beatsurfing.com\/fr\/wp-json\/wp\/v2\/product_tag?post=39209"}],"curies":[{"name":"wp","href":"https:\/\/api.w.org\/{rel}","templated":true}]}}